{"id":14137,"date":"2025-06-29T20:24:31","date_gmt":"2025-06-29T20:24:31","guid":{"rendered":"https:\/\/playersforlife.com\/politique-de-cookies\/"},"modified":"2025-07-21T06:06:18","modified_gmt":"2025-07-21T06:06:18","slug":"politique-de-cookies","status":"publish","type":"page","link":"https:\/\/playersforlife.com\/fr\/politique-de-cookies\/","title":{"rendered":"Politique de cookies"},"content":{"rendered":"\n<p>Cette politique en mati\u00e8re de cookies explique comment Players for Life (\u00ab\u00a0nous\u00a0\u00bb, \u00ab\u00a0notre\u00a0\u00bb ou \u00ab\u00a0nos\u00a0\u00bb) utilise des cookies et des technologies similaires lorsque vous visitez notre site web, <a href=\"https:\/\/www.playersforlife.com\/fr\" target=\"_blank\" rel=\"noreferrer noopener\">https:\/\/www.playersforlife.com\/fr<\/a> (le \u00ab\u00a0Site\u00a0\u00bb). Nous nous engageons \u00e0 prot\u00e9ger votre vie priv\u00e9e tout en vous offrant une exp\u00e9rience agr\u00e9able. <\/p>\n\n<p>This Cookies Policy provides information on:<\/p>\n\n<ul class=\"wp-block-list\">\n<li>Que sont les cookies et les technologies similaires ?<\/li>\n\n\n\n<li>Quels sont les diff\u00e9rents types de cookies ?<\/li>\n\n\n\n<li>\u00c0 quoi servent les cookies sur Players for Life ?<\/li>\n\n\n\n<li>Comment pouvez-vous g\u00e9rer ou refuser les cookies ?<\/li>\n\n\n\n<li>Coordonn\u00e9es pour plus d&rsquo;informations.<\/li>\n<\/ul>\n\n<h2 class=\"wp-block-heading\">1. Que sont les cookies et les technologies similaires ?<\/h2>\n\n<ul class=\"wp-block-list\">\n<li><strong>Cookies :<\/strong> Un cookie est un petit fichier de donn\u00e9es, comprenant souvent un identifiant unique, qui est envoy\u00e9 \u00e0 votre ordinateur, votre t\u00e9l\u00e9phone mobile ou votre tablette (appel\u00e9 \u00ab\u00a0appareil\u00a0\u00bb) par le serveur web. Il permet au site web de m\u00e9moriser certaines informations relatives \u00e0 votre activit\u00e9 de navigation sur le site. Les cookies collectent des informations relatives \u00e0 votre utilisation de notre Site, telles que l&rsquo;adresse IP de votre appareil, le type de navigateur et la localisation g\u00e9n\u00e9rale.  <\/li>\n\n\n\n<li><strong>Stockage local :<\/strong> Tout comme les cookies, les technologies de \u00ab\u00a0stockage local\u00a0\u00bb peuvent stocker des donn\u00e9es directement dans votre navigateur. Cette technologie remplit des fonctions tr\u00e8s similaires \u00e0 celles des cookies, telles que la mise en cache des donn\u00e9es pour am\u00e9liorer nos services et le suivi des activit\u00e9s \u00e0 des fins publicitaires. <\/li>\n\n\n\n<li><strong>Balises Web \/ Pixels :<\/strong> \u00c9galement appel\u00e9s \u00ab\u00a0GIF transparents\u00a0\u00bb ou \u00ab\u00a0balises de page\u00a0\u00bb, il s&rsquo;agit de minuscules images graphiques qui peuvent \u00eatre incluses sur notre site ou dans nos courriels. Ils sont g\u00e9n\u00e9ralement utilis\u00e9s conjointement avec des cookies pour suivre l&rsquo;activit\u00e9 des utilisateurs, mesurer le taux d&rsquo;ouverture des courriels et aider \u00e0 d\u00e9terminer l&rsquo;efficacit\u00e9 des campagnes publicitaires. <\/li>\n<\/ul>\n\n<p>Chaque fois que nous faisons r\u00e9f\u00e9rence \u00e0 des \u00ab\u00a0cookies\u00a0\u00bb dans la pr\u00e9sente politique, il s&rsquo;agit de cookies ou de technologies similaires.<\/p>\n\n<h2 class=\"wp-block-heading\">2. Quels sont les diff\u00e9rents types de cookies ?<\/h2>\n\n<p>Les cookies peuvent \u00eatre class\u00e9s en plusieurs cat\u00e9gories :<\/p>\n\n<ul class=\"wp-block-list\">\n<li><strong>Cookies de session :<\/strong> Ils ne sont stock\u00e9s que pour la dur\u00e9e de votre visite sur un site web et sont automatiquement supprim\u00e9s de votre appareil lorsque vous fermez votre navigateur.<\/li>\n\n\n\n<li><strong>Cookies persistants :<\/strong> Ils sont enregistr\u00e9s sur votre appareil pendant une p\u00e9riode d\u00e9termin\u00e9e apr\u00e8s la fermeture du navigateur et sont utilis\u00e9s lorsque nous (ou un tiers) avons besoin de vous identifier pour une session de navigation ult\u00e9rieure (par exemple, pour m\u00e9moriser vos pr\u00e9f\u00e9rences lors de visites ult\u00e9rieures).<\/li>\n\n\n\n<li><strong>Cookies de premi\u00e8re partie :<\/strong> Ils sont install\u00e9s directement par le site web que vous visitez (c&rsquo;est-\u00e0-dire par Players for Life).<\/li>\n\n\n\n<li><strong>Cookies de tiers :<\/strong> Il s&rsquo;agit de cookies mis en place par d&rsquo;autres organisations dans le cadre de nos services. Il s&rsquo;agit notamment de cookies provenant de services d&rsquo;analyse externes<strong>(Google Analytics<\/strong>), d&rsquo;annonceurs<strong>(Google AdSense<\/strong>), de partenaires affili\u00e9s<strong>(Amazon, Shopify<\/strong>) ou d&rsquo;entreprises de m\u00e9dias sociaux (par exemple, pour les boutons de partage ou le contenu int\u00e9gr\u00e9 comme <strong>YouTube<\/strong>). <\/li>\n<\/ul>\n\n<h2 class=\"wp-block-heading\">3. \u00c0 quoi servent les cookies sur Players for Life ?<\/h2>\n\n<p>Players for Life, ainsi que nos partenaires de confiance, utilisent des cookies et des technologies similaires pour un certain nombre d&rsquo;objectifs, class\u00e9s dans les cat\u00e9gories suivantes :<\/p>\n\n<ul class=\"wp-block-list\">\n<li><strong>Cookies essentiels \/ strictement n\u00e9cessaires :<\/strong>\n<ul class=\"wp-block-list\">\n<li>Ces cookies sont essentiels au bon fonctionnement de notre site web. Sans eux, certaines parties de notre site ne fonctionneraient pas correctement (par exemple, la navigation sur les pages). Ils ne recueillent pas d&rsquo;informations vous concernant qui pourraient \u00eatre utilis\u00e9es \u00e0 des fins de marketing.  <\/li>\n<\/ul>\n<\/li>\n\n\n\n<li><strong>Cookies fonctionnels :<\/strong>\n<ul class=\"wp-block-list\">\n<li>Ces cookies m\u00e9morisent vos pr\u00e9f\u00e9rences sur notre site web et fournissent des fonctionnalit\u00e9s am\u00e9lior\u00e9es et plus personnelles. Par exemple, le syst\u00e8me de commentaires <strong>Disqus<\/strong> peut utiliser des cookies pour se souvenir de votre statut de connexion ou de vos pr\u00e9f\u00e9rences d&rsquo;affichage. Ces cookies permettent de fournir un contenu personnalis\u00e9 sans suivre votre utilisation g\u00e9n\u00e9rale d&rsquo;Internet \u00e0 des fins publicitaires.  <\/li>\n<\/ul>\n<\/li>\n\n\n\n<li><strong>Cookies de performance analytique et de mesure :<\/strong>\n<ul class=\"wp-block-list\">\n<li>Ces cookies sont utilis\u00e9s pour surveiller les performances de notre site, par exemple pour d\u00e9terminer le nombre de pages vues et d&rsquo;utilisateurs uniques. Nous utilisons principalement <strong>Google Analytics<\/strong> \u00e0 cette fin. Les informations nous aident \u00e0 analyser les mod\u00e8les de comportement des utilisateurs, \u00e0 comprendre l&rsquo;utilisation du site et \u00e0 identifier les domaines d&rsquo;am\u00e9lioration de notre contenu et de l&rsquo;exp\u00e9rience des utilisateurs. Ces donn\u00e9es sont g\u00e9n\u00e9ralement anonymes (c&rsquo;est-\u00e0-dire qu&rsquo;elles ne peuvent pas \u00eatre utilis\u00e9es pour vous identifier personnellement) et ne sont utilis\u00e9es qu&rsquo;\u00e0 des fins statistiques.   <\/li>\n<\/ul>\n<\/li>\n\n\n\n<li><strong>Cookies publicitaires \/ de ciblage \/ de publicit\u00e9 comportementale :<\/strong>\n<ul class=\"wp-block-list\">\n<li>Ces cookies, qui peuvent \u00eatre plac\u00e9s sur votre appareil par nous ou par nos fournisseurs de services tiers de confiance (comme <strong>Google AdSense<\/strong>), se souviennent que vous avez visit\u00e9 notre site web et d&rsquo;autres sites web. Ces informations sont utilis\u00e9es pour vous fournir un contenu ou une publicit\u00e9 adapt\u00e9s \u00e0 vos centres d&rsquo;int\u00e9r\u00eat, souvent appel\u00e9s publicit\u00e9 comportementale en ligne (OBA). Cela nous aide \u00e0 mon\u00e9tiser notre contenu et \u00e0 vous pr\u00e9senter des publicit\u00e9s plus pertinentes. Elles peuvent \u00e9galement \u00eatre utilis\u00e9es pour limiter le nombre de fois que vous voyez une publicit\u00e9 particuli\u00e8re et pour mesurer l&rsquo;efficacit\u00e9 des campagnes publicitaires.   <\/li>\n\n\n\n<li>Pour les <strong>programmes d&rsquo;affiliation<\/strong> (par exemple, <strong>Amazon Associates<\/strong>, <strong>Shopify Affiliate Program<\/strong>), les cookies sont utilis\u00e9s pour suivre votre renvoi de notre site vers le site du commer\u00e7ant et tout achat ult\u00e9rieur, ce qui nous permet de percevoir des commissions.<\/li>\n\n\n\n<li>Ces cookies peuvent impliquer le partage d&rsquo;informations d\u00e9personnalis\u00e9es ou hach\u00e9es avec des r\u00e9seaux publicitaires pour aider \u00e0 fournir ou \u00e0 mesurer l&rsquo;efficacit\u00e9 des publicit\u00e9s cibl\u00e9es sur notre site et d&rsquo;autres plateformes.<\/li>\n<\/ul>\n<\/li>\n\n\n\n<li><strong>Cookies de m\u00e9dias sociaux :<\/strong>\n<ul class=\"wp-block-list\">\n<li>Ces cookies sont install\u00e9s par les services de m\u00e9dias sociaux (par exemple, Facebook, X\/Twitter) lorsque vous utilisez les boutons de partage des m\u00e9dias sociaux sur notre site ou que vous vous engagez avec du contenu int\u00e9gr\u00e9 (par exemple, des vid\u00e9os <strong>YouTube<\/strong> ). Ils peuvent suivre votre navigateur sur d&rsquo;autres sites et \u00e9tablir un profil de vos int\u00e9r\u00eats, ce qui peut avoir une incidence sur le contenu et les messages que vous voyez sur d&rsquo;autres sites web. <\/li>\n\n\n\n<li>Lorsque vous visualisez un contenu int\u00e9gr\u00e9 provenant d&rsquo;un fournisseur de services tiers tel que YouTube, celui-ci peut installer ses propres cookies sur votre appareil. Nous ne contr\u00f4lons pas l&rsquo;utilisation de ces cookies de tiers, et vous devez consulter les sites web de ces tiers pour obtenir de plus amples informations \u00e0 leur sujet. <\/li>\n<\/ul>\n<\/li>\n\n\n\n<li><strong>Les pixels invisibles dans les courriels :<\/strong>\n<ul class=\"wp-block-list\">\n<li>Nous pouvons inclure des balises web dans nos courriels afin de suivre le succ\u00e8s de nos campagnes de marketing (le cas \u00e9ch\u00e9ant, par exemple si vous vous abonnez \u00e0 une lettre d&rsquo;information). Cela nous permet de voir si un courriel a \u00e9t\u00e9 ouvert et si les liens ou les publicit\u00e9s qu&rsquo;il contient ont \u00e9t\u00e9 cliqu\u00e9s. Cela nous aide \u00e0 comprendre quel contenu est le plus int\u00e9ressant et \u00e0 personnaliser les communications futures.  <\/li>\n<\/ul>\n<\/li>\n<\/ul>\n\n<h2 class=\"wp-block-heading\">4. Comment pouvez-vous g\u00e9rer ou refuser les cookies ?<\/h2>\n\n<p>Vous avez le contr\u00f4le sur les cookies et pouvez g\u00e9rer vos pr\u00e9f\u00e9rences. Sachez que si vous refusez les cookies, certaines caract\u00e9ristiques et fonctionnalit\u00e9s de notre site web peuvent \u00eatre affect\u00e9es ou devenir indisponibles. <\/p>\n\n<ul class=\"wp-block-list\">\n<li><strong>Param\u00e8tres du navigateur :<\/strong> La plupart des navigateurs acceptent automatiquement les cookies. Toutefois, vous pouvez g\u00e9n\u00e9ralement modifier les param\u00e8tres de votre navigateur pour refuser les cookies ou pour vous avertir lorsqu&rsquo;un cookie est plac\u00e9. Vous pouvez \u00e9galement supprimer les cookies d\u00e9j\u00e0 install\u00e9s sur votre appareil.  \n<ul class=\"wp-block-list\">\n<li><strong>Google Chrome :<\/strong> <a href=\"https:\/\/www.google.com\/url?sa=E&amp;q=https%3A%2F%2Fsupport.google.com%2Fchrome%2Fanswer%2F95647\" target=\"_blank\" rel=\"noreferrer noopener nofollow\">https:\/\/support.google.com\/chrome\/answer\/95647<\/a><\/li>\n\n\n\n<li><strong>Mozilla Firefox :<\/strong> <a href=\"https:\/\/www.google.com\/url?sa=E&amp;q=https%3A%2F%2Fsupport.mozilla.org%2Fen-US%2Fkb%2Fenable-and-disable-cookies-website-preferences\" target=\"_blank\" rel=\"noreferrer noopener nofollow\">https:\/\/support.mozilla.org\/en-US\/kb\/enable-and-disable-cookies-website-preferences<\/a><\/li>\n\n\n\n<li><strong>Microsoft Edge :<\/strong> <a href=\"https:\/\/www.google.com\/url?sa=E&amp;q=https%3A%2F%2Fsupport.microsoft.com%2Fen-us%2Fmicrosoft-edge%2Fdelete-cookies-in-microsoft-edge-63947406-40ac-c3b8-5791-d2c232ca6d4f\" target=\"_blank\" rel=\"noreferrer noopener nofollow\">https:\/\/support.microsoft.com\/en-us\/microsoft-edge\/delete-cookies-in-microsoft-edge-63947406-40ac-c3b8-5791-d2c232ca6d4f<\/a><\/li>\n\n\n\n<li><strong>Safari :<\/strong> <a href=\"https:\/\/www.google.com\/url?sa=E&amp;q=https%3A%2F%2Fsupport.apple.com%2Fguide%2Fsafari%2Fmanage-cookies-and-website-data-sfri11471%2Fmac\" target=\"_blank\" rel=\"noreferrer noopener nofollow\">https:\/\/support.apple.com\/guide\/safari\/manage-cookies-and-website-data-sfri11471\/mac<\/a><\/li>\n<\/ul>\n<\/li>\n\n\n\n<li><strong>Banni\u00e8re\/outil de consentement aux cookies :<\/strong> Pour les visiteurs provenant de r\u00e9gions o\u00f9 un consentement explicite est requis pour les cookies non essentiels (comme l&rsquo;UE\/le Royaume-Uni), nous pr\u00e9voyons de mettre en place une plate-forme de gestion du consentement en mati\u00e8re de cookies (CMP) sur notre site. Cet outil vous permettra de sp\u00e9cifier vos pr\u00e9f\u00e9rences pour diff\u00e9rentes cat\u00e9gories de cookies lors de votre premi\u00e8re visite. <\/li>\n\n\n\n<li><strong>Programmes d&rsquo;exclusion de la publicit\u00e9 :<\/strong>\n<ul class=\"wp-block-list\">\n<li>Vous pouvez g\u00e9n\u00e9ralement refuser la publicit\u00e9 cibl\u00e9e diffus\u00e9e par les membres de la Network Advertising Initiative (NAI) ou de la Digital Advertising Alliance (DAA) en consultant leurs pages de d\u00e9sactivation :\n<ul class=\"wp-block-list\">\n<li>NAI Consumer Opt-Out <a href=\"https:\/\/www.google.com\/url?sa=E&amp;q=https%3A%2F%2Foptout.networkadvertising.org%2F\" target=\"_blank\" rel=\"noreferrer noopener nofollow\">: https:\/\/optout.networkadvertising.org\/<\/a><\/li>\n\n\n\n<li>DAA Consumer Opt-Out <a href=\"https:\/\/www.google.com\/url?sa=E&amp;q=https%3A%2F%2Foptout.aboutads.info%2F\" target=\"_blank\" rel=\"noreferrer noopener nofollow\">: https:\/\/optout.aboutads.info\/<\/a><\/li>\n<\/ul>\n<\/li>\n\n\n\n<li>Pour Google Analytics, vous pouvez installer le module compl\u00e9mentaire de navigateur pour la d\u00e9sactivation de Google Analytics <a href=\"https:\/\/www.google.com\/url?sa=E&amp;q=https%3A%2F%2Ftools.google.com%2Fdlpage%2Fgaoptout\" target=\"_blank\" rel=\"noreferrer noopener nofollow\">: https:\/\/tools.google.com\/dlpage\/gaoptout<\/a><\/li>\n\n\n\n<li>Certains navigateurs Internet disposent d&rsquo;un param\u00e8tre \u00ab\u00a0Do Not Track\u00a0\u00bb ou \u00ab\u00a0DNT\u00a0\u00bb, \u00e9galement connu sous le nom de \u00ab\u00a0Global Privacy Control\u00a0\u00bb (GPC). Ce param\u00e8tre envoie un signal aux sites web leur demandant de ne pas suivre votre navigation. Vous pouvez activer le contr\u00f4le mondial de la protection de la vie priv\u00e9e sur votre navigateur. Pour en savoir plus sur le GPC, veuillez consulter le site <a href=\"https:\/\/www.google.com\/url?sa=E&amp;q=http%3A%2F%2Fglobalprivacycontrol.org\" target=\"_blank\" rel=\"noreferrer noopener nofollow\">http:\/\/globalprivacycontrol.org.<\/a>   <\/li>\n\n\n\n<li><strong>Droits sp\u00e9cifiques aux \u00c9tats am\u00e9ricains :<\/strong> Si vous r\u00e9sidez en Californie, en Virginie, au Connecticut, au Colorado ou en Utah, vous pouvez avoir le droit de refuser la \u00ab\u00a0vente\u00a0\u00bb ou le \u00ab\u00a0partage\u00a0\u00bb de vos informations personnelles (telles que d\u00e9finies par les lois de ces \u00c9tats) \u00e0 des fins de publicit\u00e9 comportementale inter-contexte. Vous pouvez trouver un lien \u00ab\u00a0Ne pas vendre ou partager mes informations personnelles\u00a0\u00bb dans le pied de page de notre site web (le cas \u00e9ch\u00e9ant), ou g\u00e9rer vos pr\u00e9f\u00e9rences via un outil de consentement aux cookies. Conform\u00e9ment au R\u00e8glement g\u00e9n\u00e9ral sur la protection des donn\u00e9es (RGPD), vous disposez du droit de vous opposer au traitement de vos donn\u00e9es personnelles \u00e0 des fins de marketing, y compris le profilage publicitaire bas\u00e9 sur vos comportements de navigation inter-sites. Vous pouvez g\u00e9rer vos pr\u00e9f\u00e9rences en mati\u00e8re de cookies et retirer votre consentement \u00e0 tout moment via notre outil de gestion du consentement, accessible depuis le pied de page de notre site. <\/li>\n<\/ul>\n<\/li>\n\n\n\n<li><strong>Opt-Outs pour les sites web de tiers :<\/strong> Pour les cookies install\u00e9s directement par d&rsquo;autres soci\u00e9t\u00e9s (par exemple, des partenaires publicitaires sp\u00e9cifiques non couverts par la NAI\/DAA, ou des plateformes de m\u00e9dias sociaux), vous devrez peut-\u00eatre visiter directement leurs sites web pour g\u00e9rer vos pr\u00e9f\u00e9rences en mati\u00e8re de cookies conform\u00e9ment \u00e0 leurs politiques de confidentialit\u00e9.\n<ul class=\"wp-block-list\">\n<li>Veuillez noter que le fait de vous d\u00e9sinscrire par le biais de ces canaux ne signifie pas que vous ne verrez plus de publicit\u00e9s. Vous continuerez \u00e0 recevoir d&rsquo;autres types de publicit\u00e9s et les sites que vous visitez peuvent continuer \u00e0 collecter vos informations \u00e0 d&rsquo;autres fins. <\/li>\n<\/ul>\n<\/li>\n<\/ul>\n\n<p>En continuant \u00e0 utiliser notre site sans modifier vos param\u00e8tres de cookies, vous acceptez notre utilisation des cookies et autres technologies de suivi telle que d\u00e9crite dans la pr\u00e9sente politique.<\/p>\n\n<h2 class=\"wp-block-heading\">5. Coordonn\u00e9es pour de plus amples informations<\/h2>\n\n<p>Si vous avez des questions sur notre utilisation des cookies ou sur la pr\u00e9sente politique en mati\u00e8re de cookies, veuillez nous contacter \u00e0 l&rsquo;adresse suivante :<\/p>\n\n<p><strong>Courriel :<\/strong> <a href=\"mailto:social@playersforlife.com\">social@playersforlife.com<\/a><br\/><strong>Formulaire de contact du site web :<\/strong> <a href=\"https:\/\/playersforlife.com\/contact-us\/\" target=\"_blank\" data-type=\"page\" data-id=\"6148\" rel=\"noreferrer noopener\">https:\/\/www.playersforlife.com\/contact-us<\/a><\/p>\n","protected":false},"excerpt":{"rendered":"<p>Cette politique en mati\u00e8re de cookies explique comment Players for Life (\u00ab\u00a0nous\u00a0\u00bb, \u00ab\u00a0notre\u00a0\u00bb ou \u00ab\u00a0nos\u00a0\u00bb) utilise des cookies et des technologies similaires lorsque vous visitez notre site web, https:\/\/www.playersforlife.com\/fr (le&hellip;<\/p>\n","protected":false},"author":1,"featured_media":0,"parent":0,"menu_order":0,"comment_status":"closed","ping_status":"closed","template":"","meta":{"content-type":"","_lmt_disableupdate":"","_lmt_disable":"","footnotes":""},"class_list":["post-14137","page","type-page","status-publish","hentry"],"_links":{"self":[{"href":"https:\/\/playersforlife.com\/fr\/wp-json\/wp\/v2\/pages\/14137","targetHints":{"allow":["GET"]}}],"collection":[{"href":"https:\/\/playersforlife.com\/fr\/wp-json\/wp\/v2\/pages"}],"about":[{"href":"https:\/\/playersforlife.com\/fr\/wp-json\/wp\/v2\/types\/page"}],"author":[{"embeddable":true,"href":"https:\/\/playersforlife.com\/fr\/wp-json\/wp\/v2\/users\/1"}],"replies":[{"embeddable":true,"href":"https:\/\/playersforlife.com\/fr\/wp-json\/wp\/v2\/comments?post=14137"}],"version-history":[{"count":1,"href":"https:\/\/playersforlife.com\/fr\/wp-json\/wp\/v2\/pages\/14137\/revisions"}],"predecessor-version":[{"id":14138,"href":"https:\/\/playersforlife.com\/fr\/wp-json\/wp\/v2\/pages\/14137\/revisions\/14138"}],"wp:attachment":[{"href":"https:\/\/playersforlife.com\/fr\/wp-json\/wp\/v2\/media?parent=14137"}],"curies":[{"name":"wp","href":"https:\/\/api.w.org\/{rel}","templated":true}]}}